{"id":11,"date":"2016-12-01T15:24:20","date_gmt":"2016-12-01T15:24:20","guid":{"rendered":"http:\/\/etica.dv.rrp.campus\/wp\/?page_id=11"},"modified":"2018-10-25T22:25:20","modified_gmt":"2018-10-25T22:25:20","slug":"reglamentacion","status":"publish","type":"page","link":"https:\/\/etica.uprrp.edu\/index.php\/reglamentacion\/","title":{"rendered":"Reglamentaci\u00f3n"},"content":{"rendered":"<p class=\"all\" style=\"text-align: justify;\"><strong>Requisito de Ley de cumplir con veinte (20) horas de educaci\u00f3n en materia de \u00e9tica<\/strong><\/p>\n<p style=\"text-align: justify;\">La Ley N\u00fam. 1 del 3 de enero de 2012, de la Ley de \u00c9tica Gubernamental requiere que todo empleado p\u00fablico reciba cada dos a\u00f1os un m\u00ednimo de veinte (20) horas de educaci\u00f3n continua en materia de \u00e9tica gubernamental y normas de sana administraci\u00f3n p\u00fablica y valores.\u00a0 Los empleados de la Universidad de Puerto Rico, Recinto de R\u00edo Piedras tienen hasta el d\u00eda 30 de junio de 2018 para cumplir con estas veinte (20) horas requeridas.<\/p>\n<p style=\"text-align: justify;\">Todos como empleados del Recinto tenemos la responsabilidad de cumplir con estas horas.\u00a0 Es por esta raz\u00f3n que solicitamos que realice arreglos pertinentes con sus supervisores para que participe de las actividades que el Comit\u00e9 de \u00c9tica ha coordinado para estos prop\u00f3sitos.<\/p>\n<p>&nbsp;<\/p>\n","protected":false},"excerpt":{"rendered":"<p>Requisito de Ley de cumplir con veinte (20) horas de educaci\u00f3n en materia de \u00e9tica La Ley N\u00fam. 1 del 3 de enero de 2012, de la Ley de \u00c9tica Gubernamental requiere que todo empleado p\u00fablico reciba cada dos a\u00f1os un m\u00ednimo de veinte (20) horas de educaci\u00f3n continua en materia de \u00e9tica gubernamental y<\/p>\n<div class=\"read-more\"><a href=\"https:\/\/etica.uprrp.edu\/index.php\/reglamentacion\/\" title=\"Read More\">Read More<\/a><\/div>\n","protected":false},"author":5,"featured_media":0,"parent":0,"menu_order":0,"comment_status":"closed","ping_status":"closed","template":"","meta":{"footnotes":""},"class_list":["post-11","page","type-page","status-publish"],"_links":{"self":[{"href":"https:\/\/etica.uprrp.edu\/index.php\/wp-json\/wp\/v2\/pages\/11","targetHints":{"allow":["GET"]}}],"collection":[{"href":"https:\/\/etica.uprrp.edu\/index.php\/wp-json\/wp\/v2\/pages"}],"about":[{"href":"https:\/\/etica.uprrp.edu\/index.php\/wp-json\/wp\/v2\/types\/page"}],"author":[{"embeddable":true,"href":"https:\/\/etica.uprrp.edu\/index.php\/wp-json\/wp\/v2\/users\/5"}],"replies":[{"embeddable":true,"href":"https:\/\/etica.uprrp.edu\/index.php\/wp-json\/wp\/v2\/comments?post=11"}],"version-history":[{"count":3,"href":"https:\/\/etica.uprrp.edu\/index.php\/wp-json\/wp\/v2\/pages\/11\/revisions"}],"predecessor-version":[{"id":74,"href":"https:\/\/etica.uprrp.edu\/index.php\/wp-json\/wp\/v2\/pages\/11\/revisions\/74"}],"wp:attachment":[{"href":"https:\/\/etica.uprrp.edu\/index.php\/wp-json\/wp\/v2\/media?parent=11"}],"curies":[{"name":"wp","href":"https:\/\/api.w.org\/{rel}","templated":true}]}}