{"id":14,"date":"2016-12-01T15:26:34","date_gmt":"2016-12-01T15:26:34","guid":{"rendered":"http:\/\/etica.dv.rrp.campus\/wp\/?page_id=14"},"modified":"2024-02-13T14:13:02","modified_gmt":"2024-02-13T14:13:02","slug":"informes-financieros","status":"publish","type":"page","link":"https:\/\/etica.uprrp.edu\/index.php\/informes-financieros\/","title":{"rendered":"Informes Financieros"},"content":{"rendered":"<p style=\"text-align: justify;\"><span style=\"color: revert; font-size: revert; font-weight: revert;\">\u00bfQui\u00e9nes tienen que rendir informes financieros?<\/span><\/p>\n<div class=\"post-content\">\n<ul>\n<li>Rector(a)<\/li>\n<li>Decano(a) de Administraci\u00f3n<\/li>\n<li>Decano(a) de Escuela de Derecho<\/li>\n<li>Decano(a) Estudios Graduados e Investigaci\u00f3n<\/li>\n<li>Director(a) de la Oficina de Presupuesto<\/li>\n<li>Director(a) Finanzas<\/li>\n<li>Director(a) de la Oficina para la Conservaci\u00f3n de las Instalaciones Universitarias<\/li>\n<li>Director(a) de Compras<\/li>\n<li>Agente Comprador y Miembros de Junta de Subastas<\/li>\n<li>Director(a) de la Oficina de Planificaci\u00f3n y Desarrollo F\u00edsico<\/li>\n<li>Director(a) Divisi\u00f3n de Tecnolog\u00edas Acad\u00e9micas y Administrativas<\/li>\n<li>Funcionarios que ejercen funciones de recaudaci\u00f3n y cobro<\/li>\n<li>Oficial de la Propiedad<\/li>\n<\/ul>\n<p>\u00bfCu\u00e1ndo se rinden los mismos?<\/p>\n<ul>\n<li>El informe anual deber\u00e1 someterse el 1 de mayo de cada a\u00f1o.<\/li>\n<li>Las personas que tomen posesi\u00f3n de un cargo someter\u00e1n el informe dentro de los 90 d\u00edas despu\u00e9s de la fecha en que lo asumieron (se trata del primer informe que va a someter el(la) servidor(a) p\u00fablico(a).<\/li>\n<li>Las personas que cesen en un puesto, lo someter\u00e1n dentro de los 90 d\u00edas despu\u00e9s de la fecha en que cesaron.<\/li>\n<li>Las personas que ocupen un puesto interinamente por m\u00e1s de 60 d\u00edas, cuando dicho puesto est\u00e1 incluido entre los que tienen que someter informes financieros.<\/li>\n<\/ul>\n<\/div>\n","protected":false},"excerpt":{"rendered":"<p>\u00bfQui\u00e9nes tienen que rendir informes financieros? Rector(a) Decano(a) de Administraci\u00f3n Decano(a) de Escuela de Derecho Decano(a) Estudios Graduados e Investigaci\u00f3n Director(a) de la Oficina de Presupuesto Director(a) Finanzas Director(a) de la Oficina para la Conservaci\u00f3n de las Instalaciones Universitarias Director(a) de Compras Agente Comprador y Miembros de Junta de Subastas Director(a) de la Oficina de<\/p>\n<div class=\"read-more\"><a href=\"https:\/\/etica.uprrp.edu\/index.php\/informes-financieros\/\" title=\"Read More\">Read More<\/a><\/div>\n","protected":false},"author":5,"featured_media":0,"parent":0,"menu_order":0,"comment_status":"closed","ping_status":"closed","template":"","meta":{"footnotes":""},"class_list":["post-14","page","type-page","status-publish"],"_links":{"self":[{"href":"https:\/\/etica.uprrp.edu\/index.php\/wp-json\/wp\/v2\/pages\/14","targetHints":{"allow":["GET"]}}],"collection":[{"href":"https:\/\/etica.uprrp.edu\/index.php\/wp-json\/wp\/v2\/pages"}],"about":[{"href":"https:\/\/etica.uprrp.edu\/index.php\/wp-json\/wp\/v2\/types\/page"}],"author":[{"embeddable":true,"href":"https:\/\/etica.uprrp.edu\/index.php\/wp-json\/wp\/v2\/users\/5"}],"replies":[{"embeddable":true,"href":"https:\/\/etica.uprrp.edu\/index.php\/wp-json\/wp\/v2\/comments?post=14"}],"version-history":[{"count":4,"href":"https:\/\/etica.uprrp.edu\/index.php\/wp-json\/wp\/v2\/pages\/14\/revisions"}],"predecessor-version":[{"id":187,"href":"https:\/\/etica.uprrp.edu\/index.php\/wp-json\/wp\/v2\/pages\/14\/revisions\/187"}],"wp:attachment":[{"href":"https:\/\/etica.uprrp.edu\/index.php\/wp-json\/wp\/v2\/media?parent=14"}],"curies":[{"name":"wp","href":"https:\/\/api.w.org\/{rel}","templated":true}]}}