{"id":24,"date":"2016-12-01T15:33:39","date_gmt":"2016-12-01T15:33:39","guid":{"rendered":"http:\/\/etica.dv.rrp.campus\/wp\/?page_id=24"},"modified":"2022-09-07T20:11:07","modified_gmt":"2022-09-07T20:11:07","slug":"circulares","status":"publish","type":"page","link":"https:\/\/etica.uprrp.edu\/index.php\/circulares\/","title":{"rendered":"Circulares"},"content":{"rendered":"<ul>\n<li><a href=\"https:\/\/etica.uprrp.edu\/wp-content\/uploads\/2022\/09\/Circular_jueves_etica_septiembre_diciembre_2022.pdf\">Adiestramientos grupales para horas de \u00e9tica gubernamental &#8211; septiembre a diciembre 2022<\/a><\/li>\n<li><a href=\"https:\/\/etica.uprrp.edu\/wp-content\/uploads\/2021\/11\/Circular_cursos_etica_diciembre_2021.pdf\">Calendario de adiestramientos virtuales de la Oficina de \u00c9tica Gubernamental que se llevar\u00e1n a cabo en diciembre de 2021<\/a><\/li>\n<li><a href=\"https:\/\/etica.uprrp.edu\/wp-content\/uploads\/2021\/06\/Circular_adiestramientos_online_Etica_Gubernamental_junio_2021.docx\">Calendario de adiestramientos online de la Oficina de \u00c9tica Gubernamental &#8211; junio 2021<\/a><\/li>\n<li><a href=\"https:\/\/etica.uprrp.edu\/wp-content\/uploads\/2021\/03\/Circular_obra-teatral_Tres-Hombre-de-Bien_Oficina-Etica-Gubernamental.pdf\">Obra Teatral Tres Hombres de Bien de la Oficina de \u00c9tica Gubernamental<\/a><\/li>\n<li><a href=\"https:\/\/etica.uprrp.edu\/wp-content\/uploads\/2021\/03\/Circular_adiestramientos-online_Oficina-Etica-Gubernamental_abril-mayo-2021.pdf\">Calendario de adiestramientos online de la Oficina de \u00c9tica Gubernamental &#8211; febrero y marzo de 2021<\/a><\/li>\n<li><a href=\"https:\/\/etica.uprrp.edu\/wp-content\/uploads\/2020\/12\/Circular_Talleres-Semana-Etica-2020.pdf\">Talleres durante la Semana de la \u00c9tica Gubernamental 2020<\/a><\/li>\n<li><a href=\"https:\/\/etica.uprrp.edu\/wp-content\/uploads\/2020\/11\/Carta-Circular-Nuevos-articulos-revista-Ethos-Gubernamental-.pdf\">Carta Circular &#8211; Nuevos art\u00edculos Revista Ethos Gubernamental<\/a><\/li>\n<li><a href=\"https:\/\/etica.uprrp.edu\/wp-content\/uploads\/2020\/04\/Circular_extension-periodo-bienal-2018-2020-educacion-continua-en-materia-etica.pdf\">Extensi\u00f3n periodo bienal 2018-2020 &#8211; Educaci\u00f3n continua en<br \/>\nmateria \u00e9tica<\/a><\/li>\n<li><a href=\"https:\/\/etica.uprrp.edu\/wp-content\/uploads\/2019\/09\/Circular-Actividades-OEG-Agosto-a-diciembre-2019.pdf\">Calendario de Actividades Oficina de \u00c9tica Gubernamental (OEG) Agosto-Diciembre 2019<\/a><\/li>\n<li><a href=\"https:\/\/etica.uprrp.edu\/wp-content\/uploads\/2016\/12\/Carta-Ext-Periodo-Bienal-2016-18.pdf\">Extensi\u00f3n per\u00edodo Periodo Bienal 2016-18 (8 de junio de 2018)<\/a><\/li>\n<li><a href=\"https:\/\/etica.uprrp.edu\/wp-content\/uploads\/2016\/12\/Circular-2-2016-2017.nuevo-per\u00edodo-bienal-OEG-2016-2018.pdf\">Nuevo per\u00edodo Bienal OEG 2016-2018 (13 de septiembre de 2017)<\/a><\/li>\n<li><a href=\"https:\/\/etica.uprrp.edu\/wp-content\/uploads\/2016\/12\/Carta-Actividades-Etica-UPRRP-20jul17.pdf\">Actividades en materia de \u00c9tica UPRRP (20 julio 2017)<\/a><\/li>\n<li><a href=\"https:\/\/etica.uprrp.edu\/wp-content\/uploads\/2019\/02\/Nueva_herramienta_portal_OEG.pdf\">Nueva herramienta del Portal de la Oficina de \u00c9tica Gubernamental<\/a><\/li>\n<\/ul>\n","protected":false},"excerpt":{"rendered":"<p>Adiestramientos grupales para horas de \u00e9tica gubernamental &#8211; septiembre a diciembre 2022 Calendario de adiestramientos virtuales de la Oficina de \u00c9tica Gubernamental que se llevar\u00e1n a cabo en diciembre de 2021 Calendario de adiestramientos online de la Oficina de \u00c9tica Gubernamental &#8211; junio 2021 Obra Teatral Tres Hombres de Bien de la Oficina de \u00c9tica<\/p>\n<div class=\"read-more\"><a href=\"https:\/\/etica.uprrp.edu\/index.php\/circulares\/\" title=\"Read More\">Read More<\/a><\/div>\n","protected":false},"author":5,"featured_media":0,"parent":0,"menu_order":0,"comment_status":"closed","ping_status":"closed","template":"","meta":{"footnotes":""},"class_list":["post-24","page","type-page","status-publish"],"_links":{"self":[{"href":"https:\/\/etica.uprrp.edu\/index.php\/wp-json\/wp\/v2\/pages\/24","targetHints":{"allow":["GET"]}}],"collection":[{"href":"https:\/\/etica.uprrp.edu\/index.php\/wp-json\/wp\/v2\/pages"}],"about":[{"href":"https:\/\/etica.uprrp.edu\/index.php\/wp-json\/wp\/v2\/types\/page"}],"author":[{"embeddable":true,"href":"https:\/\/etica.uprrp.edu\/index.php\/wp-json\/wp\/v2\/users\/5"}],"replies":[{"embeddable":true,"href":"https:\/\/etica.uprrp.edu\/index.php\/wp-json\/wp\/v2\/comments?post=24"}],"version-history":[{"count":30,"href":"https:\/\/etica.uprrp.edu\/index.php\/wp-json\/wp\/v2\/pages\/24\/revisions"}],"predecessor-version":[{"id":166,"href":"https:\/\/etica.uprrp.edu\/index.php\/wp-json\/wp\/v2\/pages\/24\/revisions\/166"}],"wp:attachment":[{"href":"https:\/\/etica.uprrp.edu\/index.php\/wp-json\/wp\/v2\/media?parent=24"}],"curies":[{"name":"wp","href":"https:\/\/api.w.org\/{rel}","templated":true}]}}